{"id":2501,"date":"2025-06-14T10:43:45","date_gmt":"2025-06-14T10:43:45","guid":{"rendered":"https:\/\/www.smartledlamps.com\/?post_type=product&#038;p=2501"},"modified":"2025-06-14T10:48:38","modified_gmt":"2025-06-14T10:48:38","slug":"led-twinspot-light","status":"publish","type":"product","link":"https:\/\/www.smartledlamps.com\/pt\/led-twinspot-light.html","title":{"rendered":"Luz LED Twinspot"},"content":{"rendered":"<h2>Carater\u00edsticas<\/h2>\n<p>1. CE ,ROHS certificate<br \/>\n2. Tens\u00e3o de entrada ampla para AC 85-265V 50\/60 Hz.<br \/>\n3. Est\u00e1 equipado com uma caixa em liga de alum\u00ednio e uma placa em acr\u00edlico.<br \/>\n4. Bateria de alta qualidade incorporada, longa dura\u00e7\u00e3o.<br \/>\n5. Com fun\u00e7\u00e3o de auto-teste.<br \/>\n6. Suporte duplo ou \u00fanico lado para pictograma, e o pictograma pode ser personalizado.<br \/>\n7. suporte de instala\u00e7\u00e3o Pendurado, montado na superf\u00edcie da parede, montado na superf\u00edcie do teto.<\/p>\n<table width=\"908\">\n<tbody>\n<tr>\n<td width=\"178\">Nome do produto<\/td>\n<td colspan=\"4\" width=\"730\">Luz LED Twinspot<\/td>\n<\/tr>\n<tr>\n<td>MODELO NO.<\/td>\n<td colspan=\"4\">SE-0505-S<\/td>\n<\/tr>\n<tr>\n<td>Tens\u00e3o de entrada:<\/td>\n<td colspan=\"4\">AC200-240VAC (50\/60Hz)<\/td>\n<\/tr>\n<tr>\n<td>Pot\u00eancia\uff1a<\/td>\n<td colspan=\"4\">2.5W*2<\/td>\n<\/tr>\n<tr>\n<td>Dimens\u00e3o\uff1a<\/td>\n<td colspan=\"4\">\u00a0L270*W110*H78mm<\/td>\n<\/tr>\n<tr>\n<td>Material da caixa:<\/td>\n<td colspan=\"4\">Corpo em ABS com difusor em PC<\/td>\n<\/tr>\n<tr>\n<td>Ver dist\u00e2ncia:<\/td>\n<td colspan=\"4\">&#8211;<\/td>\n<\/tr>\n<tr>\n<td>Bateria:<\/td>\n<td colspan=\"4\">3.7V 2200 mAh Lithium<\/td>\n<\/tr>\n<tr>\n<td>Funcionamento:<\/td>\n<td colspan=\"4\">N\u00e3o-Maiantained<\/td>\n<\/tr>\n<tr>\n<td>Tipo de LEDs\uff1a<\/td>\n<td colspan=\"4\">\u00a0SMD2835<\/td>\n<\/tr>\n<tr>\n<td>Emerg\u00eancia Dura\u00e7\u00e3o:<\/td>\n<td colspan=\"4\" width=\"730\">&gt;3 horas<\/td>\n<\/tr>\n<tr>\n<td>Monitores:<\/td>\n<td colspan=\"4\">Teste manual<\/td>\n<\/tr>\n<tr>\n<td>Per\u00edodo de recarga:<\/td>\n<td colspan=\"4\" width=\"730\">24 horas<\/td>\n<\/tr>\n<tr>\n<td>Classe de prote\u00e7\u00e3o:<\/td>\n<td colspan=\"4\" width=\"730\">Classe 1<\/td>\n<\/tr>\n<tr>\n<td>Grau IP<\/td>\n<td colspan=\"4\">IP40<\/td>\n<\/tr>\n<tr>\n<td>Temp. de trabalho:<\/td>\n<td colspan=\"4\" width=\"730\">0\u00b0C a +40\u00b0C<\/td>\n<\/tr>\n<tr>\n<td>Instala\u00e7\u00e3o:<\/td>\n<td colspan=\"4\">Fixa\u00e7\u00e3o na parede<\/td>\n<\/tr>\n<tr>\n<td>Certifica\u00e7\u00f5es:<\/td>\n<td colspan=\"4\">SAA CE ROHS<\/td>\n<\/tr>\n<tr>\n<td>Garantia:<\/td>\n<td colspan=\"4\">3 anos de garantia<\/td>\n<\/tr>\n<\/tbody>\n<\/table>\n<p>High Brightness LED Twinspot Light IP20 Emergency Double Headlight with SMD Source 220V Wall Mount LED Emergency Light<\/p>","protected":false},"excerpt":{"rendered":"<div class=\"elementor-element elementor-element-df9c98e elementor-widget elementor-widget-woocommerce-product-title elementor-page-title elementor-widget-heading\" data-id=\"df9c98e\" data-element_type=\"widget\" data-settings=\"{&quot;ekit_we_effect_on&quot;:&quot;none&quot;}\" data-widget_type=\"woocommerce-product-title.default\">\n<p>1. Certificado SAA, CE, ROHS<br \/>\n2. Tens\u00e3o de entrada ampla para AC 85-265V 50\/60 Hz.<br \/>\n3. Est\u00e1 equipado com uma caixa em liga de alum\u00ednio e uma placa em acr\u00edlico.<br \/>\n4. Bateria de alta qualidade incorporada, longa dura\u00e7\u00e3o.<br \/>\n5. Com fun\u00e7\u00e3o de auto-teste.<br \/>\n6. Suporte duplo ou \u00fanico lado para pictograma, e o pictograma pode ser personalizado.<br \/>\n7. suporte de instala\u00e7\u00e3o Pendurado, montado na superf\u00edcie da parede, montado na superf\u00edcie do teto...<\/p>\n<\/div>","protected":false},"featured_media":2503,"template":"","meta":{"site-sidebar-layout":"default","site-content-layout":"","ast-site-content-layout":"default","site-content-style":"default","site-sidebar-style":"default","ast-global-header-display":"","ast-banner-title-visibility":"","ast-main-header-display":"","ast-hfb-above-header-display":"","ast-hfb-below-header-display":"","ast-hfb-mobile-header-display":"","site-post-title":"","ast-breadcrumbs-content":"","ast-featured-img":"","footer-sml-layout":"","theme-transparent-header-meta":"default","adv-header-id-meta":"","stick-header-meta":"default","header-above-stick-meta":"","header-main-stick-meta":"","header-below-stick-meta":"","astra-migrate-meta-layouts":"set","ast-page-background-enabled":"default","ast-page-background-meta":{"desktop":{"background-color":"var(--ast-global-color-4)","background-image":"","background-repeat":"repeat","background-position":"center center","background-size":"auto","background-attachment":"scroll","background-type":"","background-media":"","overlay-type":"","overlay-color":"","overlay-opacity":"","overlay-gradient":""},"tablet":{"background-color":"","background-image":"","background-repeat":"repeat","background-position":"center center","background-size":"auto","background-attachment":"scroll","background-type":"","background-media":"","overlay-type":"","overlay-color":"","overlay-opacity":"","overlay-gradient":""},"mobile":{"background-color":"","background-image":"","background-repeat":"repeat","background-position":"center center","background-size":"auto","background-attachment":"scroll","background-type":"","background-media":"","overlay-type":"","overlay-color":"","overlay-opacity":"","overlay-gradient":""}},"ast-content-background-meta":{"desktop":{"background-color":"var(--ast-global-color-5)","background-image":"","background-repeat":"repeat","background-position":"center center","background-size":"auto","background-attachment":"scroll","background-type":"","background-media":"","overlay-type":"","overlay-color":"","overlay-opacity":"","overlay-gradient":""},"tablet":{"background-color":"var(--ast-global-color-5)","background-image":"","background-repeat":"repeat","background-position":"center center","background-size":"auto","background-attachment":"scroll","background-type":"","background-media":"","overlay-type":"","overlay-color":"","overlay-opacity":"","overlay-gradient":""},"mobile":{"background-color":"var(--ast-global-color-5)","background-image":"","background-repeat":"repeat","background-position":"center center","background-size":"auto","background-attachment":"scroll","background-type":"","background-media":"","overlay-type":"","overlay-color":"","overlay-opacity":"","overlay-gradient":""}}},"product_cat":[37,40],"product_tag":[],"class_list":{"0":"post-2501","1":"product","2":"type-product","3":"status-publish","4":"has-post-thumbnail","6":"product_cat-emergency-light","7":"product_cat-led-twinspot-light","8":"desktop-align-center","9":"tablet-align-left","10":"mobile-align-left","11":"ast-product-gallery-layout-first-image-large","12":"ast-product-tabs-layout-accordion","13":"ast-qv-on-image","15":"first","16":"instock","17":"shipping-taxable","18":"product-type-simple"},"yoast_head":"<!-- This site is optimized with the Yoast SEO plugin v24.1 - https:\/\/yoast.com\/wordpress\/plugins\/seo\/ -->\n<title>LED Twinspot light - China LED lighting Manufacturer<\/title>\n<meta name=\"description\" content=\"emergency lights emergency twinspot Factory Sale Price High bright Wall Mounted Double Heads Led Emergency Twin Spot Light LED Rechargeable Emergency Light\" \/>\n<meta name=\"robots\" content=\"index, follow, max-snippet:-1, max-image-preview:large, max-video-preview:-1\" \/>\n<link rel=\"canonical\" href=\"https:\/\/www.smartledlamps.com\/pt\/led-twinspot-light.html\/\" \/>\n<meta property=\"og:locale\" content=\"pt_PT\" \/>\n<meta property=\"og:type\" content=\"article\" \/>\n<meta property=\"og:title\" content=\"LED Twinspot light - China LED lighting Manufacturer\" \/>\n<meta property=\"og:description\" content=\"emergency lights emergency twinspot Factory Sale Price High bright Wall Mounted Double Heads Led Emergency Twin Spot Light LED Rechargeable Emergency Light\" \/>\n<meta property=\"og:url\" content=\"https:\/\/www.smartledlamps.com\/pt\/led-twinspot-light.html\/\" \/>\n<meta property=\"og:site_name\" content=\"China LED lighting Manufacturer\" \/>\n<meta property=\"article:modified_time\" content=\"2025-06-14T10:48:38+00:00\" \/>\n<meta property=\"og:image\" content=\"https:\/\/www.smartledlamps.com\/wp-content\/uploads\/2025\/06\/Main-02.jpg\" \/>\n\t<meta property=\"og:image:width\" content=\"705\" \/>\n\t<meta property=\"og:image:height\" content=\"705\" \/>\n\t<meta property=\"og:image:type\" content=\"image\/jpeg\" \/>\n<meta name=\"twitter:card\" content=\"summary_large_image\" \/>\n<meta name=\"twitter:label1\" content=\"Tempo estimado de leitura\" \/>\n\t<meta name=\"twitter:data1\" content=\"1 minuto\" \/>\n<script type=\"application\/ld+json\" class=\"yoast-schema-graph\">{\"@context\":\"https:\/\/schema.org\",\"@graph\":[{\"@type\":\"WebPage\",\"@id\":\"https:\/\/www.smartledlamps.com\/led-twinspot-light.html\",\"url\":\"https:\/\/www.smartledlamps.com\/led-twinspot-light.html\",\"name\":\"LED Twinspot light - China LED lighting Manufacturer\",\"isPartOf\":{\"@id\":\"https:\/\/www.smartledlamps.com\/#website\"},\"primaryImageOfPage\":{\"@id\":\"https:\/\/www.smartledlamps.com\/led-twinspot-light.html#primaryimage\"},\"image\":{\"@id\":\"https:\/\/www.smartledlamps.com\/led-twinspot-light.html#primaryimage\"},\"thumbnailUrl\":\"https:\/\/www.smartledlamps.com\/wp-content\/uploads\/2025\/06\/Main-02.jpg\",\"datePublished\":\"2025-06-14T10:43:45+00:00\",\"dateModified\":\"2025-06-14T10:48:38+00:00\",\"description\":\"emergency lights emergency twinspot Factory Sale Price High bright Wall Mounted Double Heads Led Emergency Twin Spot Light LED Rechargeable Emergency Light\",\"breadcrumb\":{\"@id\":\"https:\/\/www.smartledlamps.com\/led-twinspot-light.html#breadcrumb\"},\"inLanguage\":\"pt-PT\",\"potentialAction\":[{\"@type\":\"ReadAction\",\"target\":[\"https:\/\/www.smartledlamps.com\/led-twinspot-light.html\"]}]},{\"@type\":\"ImageObject\",\"inLanguage\":\"pt-PT\",\"@id\":\"https:\/\/www.smartledlamps.com\/led-twinspot-light.html#primaryimage\",\"url\":\"https:\/\/www.smartledlamps.com\/wp-content\/uploads\/2025\/06\/Main-02.jpg\",\"contentUrl\":\"https:\/\/www.smartledlamps.com\/wp-content\/uploads\/2025\/06\/Main-02.jpg\",\"width\":705,\"height\":705},{\"@type\":\"BreadcrumbList\",\"@id\":\"https:\/\/www.smartledlamps.com\/led-twinspot-light.html#breadcrumb\",\"itemListElement\":[{\"@type\":\"ListItem\",\"position\":1,\"name\":\"Home\",\"item\":\"https:\/\/www.smartledlamps.com\/\"},{\"@type\":\"ListItem\",\"position\":2,\"name\":\"Products\",\"item\":\"https:\/\/www.smartledlamps.com\/product\"},{\"@type\":\"ListItem\",\"position\":3,\"name\":\"LED Twinspot light\"}]},{\"@type\":\"WebSite\",\"@id\":\"https:\/\/www.smartledlamps.com\/#website\",\"url\":\"https:\/\/www.smartledlamps.com\/\",\"name\":\"China LED lighting Manufacturer\",\"description\":\"LED light,emergency light,LED high bay light,exit sign,LED flood light\",\"publisher\":{\"@id\":\"https:\/\/www.smartledlamps.com\/#organization\"},\"potentialAction\":[{\"@type\":\"SearchAction\",\"target\":{\"@type\":\"EntryPoint\",\"urlTemplate\":\"https:\/\/www.smartledlamps.com\/?s={search_term_string}\"},\"query-input\":{\"@type\":\"PropertyValueSpecification\",\"valueRequired\":true,\"valueName\":\"search_term_string\"}}],\"inLanguage\":\"pt-PT\"},{\"@type\":\"Organization\",\"@id\":\"https:\/\/www.smartledlamps.com\/#organization\",\"name\":\"China LED lighting Manufacturer\",\"url\":\"https:\/\/www.smartledlamps.com\/\",\"logo\":{\"@type\":\"ImageObject\",\"inLanguage\":\"pt-PT\",\"@id\":\"https:\/\/www.smartledlamps.com\/#\/schema\/logo\/image\/\",\"url\":\"https:\/\/www.smartledlamps.com\/wp-content\/uploads\/2024\/12\/logo.png\",\"contentUrl\":\"https:\/\/www.smartledlamps.com\/wp-content\/uploads\/2024\/12\/logo.png\",\"width\":1371,\"height\":807,\"caption\":\"China LED lighting Manufacturer\"},\"image\":{\"@id\":\"https:\/\/www.smartledlamps.com\/#\/schema\/logo\/image\/\"}}]}<\/script>\n<!-- \/ Yoast SEO plugin. -->","yoast_head_json":{"title":"LED Twinspot light - China LED lighting Manufacturer","description":"emergency lights emergency twinspot Factory Sale Price High bright Wall Mounted Double Heads Led Emergency Twin Spot Light LED Rechargeable Emergency Light","robots":{"index":"index","follow":"follow","max-snippet":"max-snippet:-1","max-image-preview":"max-image-preview:large","max-video-preview":"max-video-preview:-1"},"canonical":"https:\/\/www.smartledlamps.com\/pt\/led-twinspot-light.html\/","og_locale":"pt_PT","og_type":"article","og_title":"LED Twinspot light - China LED lighting Manufacturer","og_description":"emergency lights emergency twinspot Factory Sale Price High bright Wall Mounted Double Heads Led Emergency Twin Spot Light LED Rechargeable Emergency Light","og_url":"https:\/\/www.smartledlamps.com\/pt\/led-twinspot-light.html\/","og_site_name":"China LED lighting Manufacturer","article_modified_time":"2025-06-14T10:48:38+00:00","og_image":[{"width":705,"height":705,"url":"https:\/\/www.smartledlamps.com\/wp-content\/uploads\/2025\/06\/Main-02.jpg","type":"image\/jpeg"}],"twitter_card":"summary_large_image","twitter_misc":{"Tempo estimado de leitura":"1 minuto"},"schema":{"@context":"https:\/\/schema.org","@graph":[{"@type":"WebPage","@id":"https:\/\/www.smartledlamps.com\/led-twinspot-light.html","url":"https:\/\/www.smartledlamps.com\/led-twinspot-light.html","name":"LED Twinspot light - China LED lighting Manufacturer","isPartOf":{"@id":"https:\/\/www.smartledlamps.com\/#website"},"primaryImageOfPage":{"@id":"https:\/\/www.smartledlamps.com\/led-twinspot-light.html#primaryimage"},"image":{"@id":"https:\/\/www.smartledlamps.com\/led-twinspot-light.html#primaryimage"},"thumbnailUrl":"https:\/\/www.smartledlamps.com\/wp-content\/uploads\/2025\/06\/Main-02.jpg","datePublished":"2025-06-14T10:43:45+00:00","dateModified":"2025-06-14T10:48:38+00:00","description":"emergency lights emergency twinspot Factory Sale Price High bright Wall Mounted Double Heads Led Emergency Twin Spot Light LED Rechargeable Emergency Light","breadcrumb":{"@id":"https:\/\/www.smartledlamps.com\/led-twinspot-light.html#breadcrumb"},"inLanguage":"pt-PT","potentialAction":[{"@type":"ReadAction","target":["https:\/\/www.smartledlamps.com\/led-twinspot-light.html"]}]},{"@type":"ImageObject","inLanguage":"pt-PT","@id":"https:\/\/www.smartledlamps.com\/led-twinspot-light.html#primaryimage","url":"https:\/\/www.smartledlamps.com\/wp-content\/uploads\/2025\/06\/Main-02.jpg","contentUrl":"https:\/\/www.smartledlamps.com\/wp-content\/uploads\/2025\/06\/Main-02.jpg","width":705,"height":705},{"@type":"BreadcrumbList","@id":"https:\/\/www.smartledlamps.com\/led-twinspot-light.html#breadcrumb","itemListElement":[{"@type":"ListItem","position":1,"name":"Home","item":"https:\/\/www.smartledlamps.com\/"},{"@type":"ListItem","position":2,"name":"Products","item":"https:\/\/www.smartledlamps.com\/product"},{"@type":"ListItem","position":3,"name":"LED Twinspot light"}]},{"@type":"WebSite","@id":"https:\/\/www.smartledlamps.com\/#website","url":"https:\/\/www.smartledlamps.com\/","name":"China LED lighting Manufacturer","description":"LED light,emergency light,LED high bay light,exit sign,LED flood light","publisher":{"@id":"https:\/\/www.smartledlamps.com\/#organization"},"potentialAction":[{"@type":"SearchAction","target":{"@type":"EntryPoint","urlTemplate":"https:\/\/www.smartledlamps.com\/?s={search_term_string}"},"query-input":{"@type":"PropertyValueSpecification","valueRequired":true,"valueName":"search_term_string"}}],"inLanguage":"pt-PT"},{"@type":"Organization","@id":"https:\/\/www.smartledlamps.com\/#organization","name":"China LED lighting Manufacturer","url":"https:\/\/www.smartledlamps.com\/","logo":{"@type":"ImageObject","inLanguage":"pt-PT","@id":"https:\/\/www.smartledlamps.com\/#\/schema\/logo\/image\/","url":"https:\/\/www.smartledlamps.com\/wp-content\/uploads\/2024\/12\/logo.png","contentUrl":"https:\/\/www.smartledlamps.com\/wp-content\/uploads\/2024\/12\/logo.png","width":1371,"height":807,"caption":"China LED lighting Manufacturer"},"image":{"@id":"https:\/\/www.smartledlamps.com\/#\/schema\/logo\/image\/"}}]}},"_links":{"self":[{"href":"https:\/\/www.smartledlamps.com\/pt\/wp-json\/wp\/v2\/product\/2501","targetHints":{"allow":["GET"]}}],"collection":[{"href":"https:\/\/www.smartledlamps.com\/pt\/wp-json\/wp\/v2\/product"}],"about":[{"href":"https:\/\/www.smartledlamps.com\/pt\/wp-json\/wp\/v2\/types\/product"}],"version-history":[{"count":0,"href":"https:\/\/www.smartledlamps.com\/pt\/wp-json\/wp\/v2\/product\/2501\/revisions"}],"wp:featuredmedia":[{"embeddable":true,"href":"https:\/\/www.smartledlamps.com\/pt\/wp-json\/wp\/v2\/media\/2503"}],"wp:attachment":[{"href":"https:\/\/www.smartledlamps.com\/pt\/wp-json\/wp\/v2\/media?parent=2501"}],"wp:term":[{"taxonomy":"product_cat","embeddable":true,"href":"https:\/\/www.smartledlamps.com\/pt\/wp-json\/wp\/v2\/product_cat?post=2501"},{"taxonomy":"product_tag","embeddable":true,"href":"https:\/\/www.smartledlamps.com\/pt\/wp-json\/wp\/v2\/product_tag?post=2501"}],"curies":[{"name":"wp","href":"https:\/\/api.w.org\/{rel}","templated":true}]}}