{"id":1924,"date":"2024-12-25T03:03:21","date_gmt":"2024-12-25T03:03:21","guid":{"rendered":"https:\/\/www.smartledlamps.com\/?post_type=product&#038;p=1924"},"modified":"2025-06-14T11:03:02","modified_gmt":"2025-06-14T11:03:02","slug":"emergency-sign","status":"publish","type":"product","link":"https:\/\/www.smartledlamps.com\/fr\/emergency-sign.html","title":{"rendered":"Emergency sign"},"content":{"rendered":"<h2>Caract\u00e9ristiques<\/h2>\n<p>1. Certificat SAA ,CE ,ROHS<br \/>\n2. Large tension d'entr\u00e9e pour AC 85-265V 50\/60 Hz.<br \/>\n3. Il est \u00e9quip\u00e9 d'un bo\u00eetier en alliage d'aluminium et d'un panneau acrylique.<br \/>\n4. Batterie de haute qualit\u00e9 int\u00e9gr\u00e9e, longue dur\u00e9e de vie.<br \/>\n5. Avec fonction d'auto-test.<br \/>\n6. Les pictogrammes peuvent \u00eatre imprim\u00e9s sur une ou deux faces, et le pictogramme peut \u00eatre personnalis\u00e9.<br \/>\n7. support d'installation Suspension, montage mural, montage au plafond.<\/p>\n<table width=\"908\">\n<tbody>\n<tr>\n<td width=\"178\">Nom du produit<\/td>\n<td colspan=\"4\" width=\"730\">Exit Sign<\/td>\n<\/tr>\n<tr>\n<td>MOD\u00c8LE NO.<\/td>\n<td colspan=\"4\">SE-0303<\/td>\n<\/tr>\n<tr>\n<td>Tension d'entr\u00e9e :<\/td>\n<td colspan=\"4\">AC200-240VAC (50\/60Hz)<\/td>\n<\/tr>\n<tr>\n<td>Puissance\uff1a<\/td>\n<td colspan=\"4\">3W<\/td>\n<\/tr>\n<tr>\n<td>Dimension\uff1a<\/td>\n<td colspan=\"4\">L390*190*40mm<\/td>\n<\/tr>\n<tr>\n<td>Mat\u00e9riau du bo\u00eetier :<\/td>\n<td colspan=\"4\">Steel Body with PMMA<\/td>\n<\/tr>\n<tr>\n<td>Voir la distance :<\/td>\n<td colspan=\"4\">38Metre<\/td>\n<\/tr>\n<tr>\n<td>Batterie :<\/td>\n<td colspan=\"4\">3.6V 1200mAh Ni-Mh<\/td>\n<\/tr>\n<tr>\n<td>Fonctionnement :<\/td>\n<td colspan=\"4\">Maintained<\/td>\n<\/tr>\n<tr>\n<td>Type de DEL\uff1a<\/td>\n<td colspan=\"4\">\u00a0SMD2835<\/td>\n<\/tr>\n<tr>\n<td>Urgence Dur\u00e9e :<\/td>\n<td colspan=\"4\" width=\"730\">&gt;3 heures<\/td>\n<\/tr>\n<tr>\n<td>Moniteurs :<\/td>\n<td colspan=\"4\">Manual test&amp;Self test<\/td>\n<\/tr>\n<tr>\n<td>P\u00e9riode de recharge :<\/td>\n<td colspan=\"4\" width=\"730\">24 heures<\/td>\n<\/tr>\n<tr>\n<td>Classe de protection :<\/td>\n<td colspan=\"4\" width=\"730\">Classe 1<\/td>\n<\/tr>\n<tr>\n<td>Classe IP<\/td>\n<td colspan=\"4\">IP40<\/td>\n<\/tr>\n<tr>\n<td>Temp. de travail :<\/td>\n<td colspan=\"4\" width=\"730\">0\u00b0C \u00e0 +40\u00b0C<\/td>\n<\/tr>\n<tr>\n<td>Installation :<\/td>\n<td colspan=\"4\">Wall surface\u00a0 Mounting<\/td>\n<\/tr>\n<tr>\n<td>Certifications :<\/td>\n<td colspan=\"4\">SAA CE ROHS<\/td>\n<\/tr>\n<tr>\n<td>Garantie :<\/td>\n<td colspan=\"4\">3 ans de garantie<\/td>\n<\/tr>\n<\/tbody>\n<\/table>\n<p>Battery Backup Rechargeable Safety Exit Sign Emergency Exit Light Safety Green LED Emergency Exit Sign Light<\/p>","protected":false},"excerpt":{"rendered":"<div class=\"elementor-element elementor-element-df9c98e elementor-widget elementor-widget-woocommerce-product-title elementor-page-title elementor-widget-heading\" data-id=\"df9c98e\" data-element_type=\"widget\" data-settings=\"{&quot;ekit_we_effect_on&quot;:&quot;none&quot;}\" data-widget_type=\"woocommerce-product-title.default\">\n<p>1. Certificat SAA ,CE ,ROHS<br \/>\n2. Large tension d'entr\u00e9e pour AC 85-265V 50\/60 Hz.<br \/>\n3. Il est \u00e9quip\u00e9 d'un bo\u00eetier en alliage d'aluminium et d'un panneau acrylique.<br \/>\n4. Batterie de haute qualit\u00e9 int\u00e9gr\u00e9e, longue dur\u00e9e de vie.<br \/>\n5. Avec fonction d'auto-test.<br \/>\n6. Les pictogrammes peuvent \u00eatre imprim\u00e9s sur une ou deux faces, et le pictogramme peut \u00eatre personnalis\u00e9.<br \/>\n7. support d'installation Suspension, montage mural, montage au plafond.<\/p>\n<\/div>","protected":false},"featured_media":1927,"template":"","meta":{"site-sidebar-layout":"default","site-content-layout":"","ast-site-content-layout":"default","site-content-style":"default","site-sidebar-style":"default","ast-global-header-display":"","ast-banner-title-visibility":"","ast-main-header-display":"","ast-hfb-above-header-display":"","ast-hfb-below-header-display":"","ast-hfb-mobile-header-display":"","site-post-title":"","ast-breadcrumbs-content":"","ast-featured-img":"","footer-sml-layout":"","theme-transparent-header-meta":"default","adv-header-id-meta":"","stick-header-meta":"default","header-above-stick-meta":"","header-main-stick-meta":"","header-below-stick-meta":"","astra-migrate-meta-layouts":"set","ast-page-background-enabled":"default","ast-page-background-meta":{"desktop":{"background-color":"var(--ast-global-color-4)","background-image":"","background-repeat":"repeat","background-position":"center center","background-size":"auto","background-attachment":"scroll","background-type":"","background-media":"","overlay-type":"","overlay-color":"","overlay-opacity":"","overlay-gradient":""},"tablet":{"background-color":"","background-image":"","background-repeat":"repeat","background-position":"center center","background-size":"auto","background-attachment":"scroll","background-type":"","background-media":"","overlay-type":"","overlay-color":"","overlay-opacity":"","overlay-gradient":""},"mobile":{"background-color":"","background-image":"","background-repeat":"repeat","background-position":"center center","background-size":"auto","background-attachment":"scroll","background-type":"","background-media":"","overlay-type":"","overlay-color":"","overlay-opacity":"","overlay-gradient":""}},"ast-content-background-meta":{"desktop":{"background-color":"var(--ast-global-color-5)","background-image":"","background-repeat":"repeat","background-position":"center center","background-size":"auto","background-attachment":"scroll","background-type":"","background-media":"","overlay-type":"","overlay-color":"","overlay-opacity":"","overlay-gradient":""},"tablet":{"background-color":"var(--ast-global-color-5)","background-image":"","background-repeat":"repeat","background-position":"center center","background-size":"auto","background-attachment":"scroll","background-type":"","background-media":"","overlay-type":"","overlay-color":"","overlay-opacity":"","overlay-gradient":""},"mobile":{"background-color":"var(--ast-global-color-5)","background-image":"","background-repeat":"repeat","background-position":"center center","background-size":"auto","background-attachment":"scroll","background-type":"","background-media":"","overlay-type":"","overlay-color":"","overlay-opacity":"","overlay-gradient":""}}},"product_cat":[37,38],"product_tag":[],"class_list":{"0":"post-1924","1":"product","2":"type-product","3":"status-publish","4":"has-post-thumbnail","6":"product_cat-emergency-light","7":"product_cat-exit-sign","8":"desktop-align-center","9":"tablet-align-left","10":"mobile-align-left","11":"ast-product-gallery-layout-first-image-large","12":"ast-product-tabs-layout-accordion","13":"ast-qv-on-image","15":"first","16":"instock","17":"shipping-taxable","18":"product-type-simple"},"yoast_head":"<!-- This site is optimized with the Yoast SEO plugin v24.1 - https:\/\/yoast.com\/wordpress\/plugins\/seo\/ -->\n<title>Emergency sign - China LED lighting Manufacturer<\/title>\n<meta name=\"description\" content=\"Battery Backup Rechargeable Safety Exit Sign Emergency Exit Light Safety Green LED Emergency Exit Sign Light emergency sign emergency evacuation signs\" \/>\n<meta name=\"robots\" content=\"index, follow, max-snippet:-1, max-image-preview:large, max-video-preview:-1\" \/>\n<link rel=\"canonical\" href=\"https:\/\/www.smartledlamps.com\/fr\/emergency-sign.html\/\" \/>\n<meta property=\"og:locale\" content=\"fr_FR\" \/>\n<meta property=\"og:type\" content=\"article\" \/>\n<meta property=\"og:title\" content=\"Emergency sign - China LED lighting Manufacturer\" \/>\n<meta property=\"og:description\" content=\"Battery Backup Rechargeable Safety Exit Sign Emergency Exit Light Safety Green LED Emergency Exit Sign Light emergency sign emergency evacuation signs\" \/>\n<meta property=\"og:url\" content=\"https:\/\/www.smartledlamps.com\/fr\/emergency-sign.html\/\" \/>\n<meta property=\"og:site_name\" content=\"China LED lighting Manufacturer\" \/>\n<meta property=\"article:modified_time\" content=\"2025-06-14T11:03:02+00:00\" \/>\n<meta property=\"og:image\" content=\"https:\/\/www.smartledlamps.com\/wp-content\/uploads\/2024\/12\/SE-0303-3.jpg\" \/>\n\t<meta property=\"og:image:width\" content=\"750\" \/>\n\t<meta property=\"og:image:height\" content=\"750\" \/>\n\t<meta property=\"og:image:type\" content=\"image\/jpeg\" \/>\n<meta name=\"twitter:card\" content=\"summary_large_image\" \/>\n<meta name=\"twitter:label1\" content=\"Dur\u00e9e de lecture estim\u00e9e\" \/>\n\t<meta name=\"twitter:data1\" content=\"1 minute\" \/>\n<script type=\"application\/ld+json\" class=\"yoast-schema-graph\">{\"@context\":\"https:\/\/schema.org\",\"@graph\":[{\"@type\":\"WebPage\",\"@id\":\"https:\/\/www.smartledlamps.com\/emergency-sign.html\",\"url\":\"https:\/\/www.smartledlamps.com\/emergency-sign.html\",\"name\":\"Emergency sign - China LED lighting Manufacturer\",\"isPartOf\":{\"@id\":\"https:\/\/www.smartledlamps.com\/#website\"},\"primaryImageOfPage\":{\"@id\":\"https:\/\/www.smartledlamps.com\/emergency-sign.html#primaryimage\"},\"image\":{\"@id\":\"https:\/\/www.smartledlamps.com\/emergency-sign.html#primaryimage\"},\"thumbnailUrl\":\"https:\/\/www.smartledlamps.com\/wp-content\/uploads\/2024\/12\/SE-0303-3.jpg\",\"datePublished\":\"2024-12-25T03:03:21+00:00\",\"dateModified\":\"2025-06-14T11:03:02+00:00\",\"description\":\"Battery Backup Rechargeable Safety Exit Sign Emergency Exit Light Safety Green LED Emergency Exit Sign Light emergency sign emergency evacuation signs\",\"breadcrumb\":{\"@id\":\"https:\/\/www.smartledlamps.com\/emergency-sign.html#breadcrumb\"},\"inLanguage\":\"fr-FR\",\"potentialAction\":[{\"@type\":\"ReadAction\",\"target\":[\"https:\/\/www.smartledlamps.com\/emergency-sign.html\"]}]},{\"@type\":\"ImageObject\",\"inLanguage\":\"fr-FR\",\"@id\":\"https:\/\/www.smartledlamps.com\/emergency-sign.html#primaryimage\",\"url\":\"https:\/\/www.smartledlamps.com\/wp-content\/uploads\/2024\/12\/SE-0303-3.jpg\",\"contentUrl\":\"https:\/\/www.smartledlamps.com\/wp-content\/uploads\/2024\/12\/SE-0303-3.jpg\",\"width\":750,\"height\":750},{\"@type\":\"BreadcrumbList\",\"@id\":\"https:\/\/www.smartledlamps.com\/emergency-sign.html#breadcrumb\",\"itemListElement\":[{\"@type\":\"ListItem\",\"position\":1,\"name\":\"Home\",\"item\":\"https:\/\/www.smartledlamps.com\/\"},{\"@type\":\"ListItem\",\"position\":2,\"name\":\"Products\",\"item\":\"https:\/\/www.smartledlamps.com\/product\"},{\"@type\":\"ListItem\",\"position\":3,\"name\":\"Emergency sign\"}]},{\"@type\":\"WebSite\",\"@id\":\"https:\/\/www.smartledlamps.com\/#website\",\"url\":\"https:\/\/www.smartledlamps.com\/\",\"name\":\"China LED lighting Manufacturer\",\"description\":\"LED light,emergency light,LED high bay light,exit sign,LED flood light\",\"publisher\":{\"@id\":\"https:\/\/www.smartledlamps.com\/#organization\"},\"potentialAction\":[{\"@type\":\"SearchAction\",\"target\":{\"@type\":\"EntryPoint\",\"urlTemplate\":\"https:\/\/www.smartledlamps.com\/?s={search_term_string}\"},\"query-input\":{\"@type\":\"PropertyValueSpecification\",\"valueRequired\":true,\"valueName\":\"search_term_string\"}}],\"inLanguage\":\"fr-FR\"},{\"@type\":\"Organization\",\"@id\":\"https:\/\/www.smartledlamps.com\/#organization\",\"name\":\"China LED lighting Manufacturer\",\"url\":\"https:\/\/www.smartledlamps.com\/\",\"logo\":{\"@type\":\"ImageObject\",\"inLanguage\":\"fr-FR\",\"@id\":\"https:\/\/www.smartledlamps.com\/#\/schema\/logo\/image\/\",\"url\":\"https:\/\/www.smartledlamps.com\/wp-content\/uploads\/2024\/12\/logo.png\",\"contentUrl\":\"https:\/\/www.smartledlamps.com\/wp-content\/uploads\/2024\/12\/logo.png\",\"width\":1371,\"height\":807,\"caption\":\"China LED lighting Manufacturer\"},\"image\":{\"@id\":\"https:\/\/www.smartledlamps.com\/#\/schema\/logo\/image\/\"}}]}<\/script>\n<!-- \/ Yoast SEO plugin. -->","yoast_head_json":{"title":"Emergency sign - China LED lighting Manufacturer","description":"Battery Backup Rechargeable Safety Exit Sign Emergency Exit Light Safety Green LED Emergency Exit Sign Light emergency sign emergency evacuation signs","robots":{"index":"index","follow":"follow","max-snippet":"max-snippet:-1","max-image-preview":"max-image-preview:large","max-video-preview":"max-video-preview:-1"},"canonical":"https:\/\/www.smartledlamps.com\/fr\/emergency-sign.html\/","og_locale":"fr_FR","og_type":"article","og_title":"Emergency sign - China LED lighting Manufacturer","og_description":"Battery Backup Rechargeable Safety Exit Sign Emergency Exit Light Safety Green LED Emergency Exit Sign Light emergency sign emergency evacuation signs","og_url":"https:\/\/www.smartledlamps.com\/fr\/emergency-sign.html\/","og_site_name":"China LED lighting Manufacturer","article_modified_time":"2025-06-14T11:03:02+00:00","og_image":[{"width":750,"height":750,"url":"https:\/\/www.smartledlamps.com\/wp-content\/uploads\/2024\/12\/SE-0303-3.jpg","type":"image\/jpeg"}],"twitter_card":"summary_large_image","twitter_misc":{"Dur\u00e9e de lecture estim\u00e9e":"1 minute"},"schema":{"@context":"https:\/\/schema.org","@graph":[{"@type":"WebPage","@id":"https:\/\/www.smartledlamps.com\/emergency-sign.html","url":"https:\/\/www.smartledlamps.com\/emergency-sign.html","name":"Emergency sign - China LED lighting Manufacturer","isPartOf":{"@id":"https:\/\/www.smartledlamps.com\/#website"},"primaryImageOfPage":{"@id":"https:\/\/www.smartledlamps.com\/emergency-sign.html#primaryimage"},"image":{"@id":"https:\/\/www.smartledlamps.com\/emergency-sign.html#primaryimage"},"thumbnailUrl":"https:\/\/www.smartledlamps.com\/wp-content\/uploads\/2024\/12\/SE-0303-3.jpg","datePublished":"2024-12-25T03:03:21+00:00","dateModified":"2025-06-14T11:03:02+00:00","description":"Battery Backup Rechargeable Safety Exit Sign Emergency Exit Light Safety Green LED Emergency Exit Sign Light emergency sign emergency evacuation signs","breadcrumb":{"@id":"https:\/\/www.smartledlamps.com\/emergency-sign.html#breadcrumb"},"inLanguage":"fr-FR","potentialAction":[{"@type":"ReadAction","target":["https:\/\/www.smartledlamps.com\/emergency-sign.html"]}]},{"@type":"ImageObject","inLanguage":"fr-FR","@id":"https:\/\/www.smartledlamps.com\/emergency-sign.html#primaryimage","url":"https:\/\/www.smartledlamps.com\/wp-content\/uploads\/2024\/12\/SE-0303-3.jpg","contentUrl":"https:\/\/www.smartledlamps.com\/wp-content\/uploads\/2024\/12\/SE-0303-3.jpg","width":750,"height":750},{"@type":"BreadcrumbList","@id":"https:\/\/www.smartledlamps.com\/emergency-sign.html#breadcrumb","itemListElement":[{"@type":"ListItem","position":1,"name":"Home","item":"https:\/\/www.smartledlamps.com\/"},{"@type":"ListItem","position":2,"name":"Products","item":"https:\/\/www.smartledlamps.com\/product"},{"@type":"ListItem","position":3,"name":"Emergency sign"}]},{"@type":"WebSite","@id":"https:\/\/www.smartledlamps.com\/#website","url":"https:\/\/www.smartledlamps.com\/","name":"China LED lighting Manufacturer","description":"LED light,emergency light,LED high bay light,exit sign,LED flood light","publisher":{"@id":"https:\/\/www.smartledlamps.com\/#organization"},"potentialAction":[{"@type":"SearchAction","target":{"@type":"EntryPoint","urlTemplate":"https:\/\/www.smartledlamps.com\/?s={search_term_string}"},"query-input":{"@type":"PropertyValueSpecification","valueRequired":true,"valueName":"search_term_string"}}],"inLanguage":"fr-FR"},{"@type":"Organization","@id":"https:\/\/www.smartledlamps.com\/#organization","name":"China LED lighting Manufacturer","url":"https:\/\/www.smartledlamps.com\/","logo":{"@type":"ImageObject","inLanguage":"fr-FR","@id":"https:\/\/www.smartledlamps.com\/#\/schema\/logo\/image\/","url":"https:\/\/www.smartledlamps.com\/wp-content\/uploads\/2024\/12\/logo.png","contentUrl":"https:\/\/www.smartledlamps.com\/wp-content\/uploads\/2024\/12\/logo.png","width":1371,"height":807,"caption":"China LED lighting Manufacturer"},"image":{"@id":"https:\/\/www.smartledlamps.com\/#\/schema\/logo\/image\/"}}]}},"_links":{"self":[{"href":"https:\/\/www.smartledlamps.com\/fr\/wp-json\/wp\/v2\/product\/1924","targetHints":{"allow":["GET"]}}],"collection":[{"href":"https:\/\/www.smartledlamps.com\/fr\/wp-json\/wp\/v2\/product"}],"about":[{"href":"https:\/\/www.smartledlamps.com\/fr\/wp-json\/wp\/v2\/types\/product"}],"version-history":[{"count":0,"href":"https:\/\/www.smartledlamps.com\/fr\/wp-json\/wp\/v2\/product\/1924\/revisions"}],"wp:featuredmedia":[{"embeddable":true,"href":"https:\/\/www.smartledlamps.com\/fr\/wp-json\/wp\/v2\/media\/1927"}],"wp:attachment":[{"href":"https:\/\/www.smartledlamps.com\/fr\/wp-json\/wp\/v2\/media?parent=1924"}],"wp:term":[{"taxonomy":"product_cat","embeddable":true,"href":"https:\/\/www.smartledlamps.com\/fr\/wp-json\/wp\/v2\/product_cat?post=1924"},{"taxonomy":"product_tag","embeddable":true,"href":"https:\/\/www.smartledlamps.com\/fr\/wp-json\/wp\/v2\/product_tag?post=1924"}],"curies":[{"name":"wp","href":"https:\/\/api.w.org\/{rel}","templated":true}]}}