{"id":2517,"date":"2025-06-14T11:04:07","date_gmt":"2025-06-14T11:04:07","guid":{"rendered":"https:\/\/www.smartledlamps.com\/?post_type=product&#038;p=2517"},"modified":"2025-06-14T11:07:37","modified_gmt":"2025-06-14T11:07:37","slug":"exit-lights","status":"publish","type":"product","link":"https:\/\/www.smartledlamps.com\/es\/exit-lights.html","title":{"rendered":"Exit lights"},"content":{"rendered":"<h2>Caracter\u00edsticas<\/h2>\n<p>1. Certificado SAA, CE, ROHS<br \/>\n2. Amplia tensi\u00f3n de entrada para CA 85-265V 50\/60 Hz.<br \/>\n3. Est\u00e1 equipado con carcasa de aleaci\u00f3n de aluminio y tablero acr\u00edlico.<br \/>\n4. Bater\u00eda incorporada de alta calidad, larga vida \u00fatil.<br \/>\n5. Con funci\u00f3n de autodiagn\u00f3stico.<br \/>\n6. Soporta doble o simple cara para pictograma, y el pictograma se puede personalizar.<br \/>\n7.Soporte de instalaci\u00f3n Colgado, montado en la superficie de la pared, montado en la superficie del techo.<\/p>\n<table width=\"908\">\n<tbody>\n<tr>\n<td width=\"178\">Nombre del producto<\/td>\n<td colspan=\"4\" width=\"730\">Exit Sign<\/td>\n<\/tr>\n<tr>\n<td>N\u00ba DE MODELO<\/td>\n<td colspan=\"4\">SE-0301-E<\/td>\n<\/tr>\n<tr>\n<td>Tensi\u00f3n de entrada:<\/td>\n<td colspan=\"4\">AC200-240VAC (50\/60Hz)<\/td>\n<\/tr>\n<tr>\n<td>Poder\uff1a<\/td>\n<td colspan=\"4\">3W<\/td>\n<\/tr>\n<tr>\n<td>Dimensi\u00f3n\uff1a<\/td>\n<td colspan=\"4\">L365 *W 265 * H95mm<\/td>\n<\/tr>\n<tr>\n<td>Material de la carcasa:<\/td>\n<td colspan=\"4\">Fire Retardant ABS Casing\uff0cPC Diffuser<\/td>\n<\/tr>\n<tr>\n<td>Ver distancia:<\/td>\n<td colspan=\"4\">44Metre<\/td>\n<\/tr>\n<tr>\n<td>Bater\u00eda:<\/td>\n<td colspan=\"4\">3.2V 1500mAh LiFePO4<\/td>\n<\/tr>\n<tr>\n<td>Operaci\u00f3n:<\/td>\n<td colspan=\"4\">Maintained<\/td>\n<\/tr>\n<tr>\n<td>Tipo de LED\uff1a<\/td>\n<td colspan=\"4\">\u00a0SMD2835<\/td>\n<\/tr>\n<tr>\n<td>Emergencia Duraci\u00f3n:<\/td>\n<td colspan=\"4\" width=\"730\">&gt;3 horas<\/td>\n<\/tr>\n<tr>\n<td>Monitores:<\/td>\n<td colspan=\"4\">Prueba manual<\/td>\n<\/tr>\n<tr>\n<td>Periodo de recarga:<\/td>\n<td colspan=\"4\" width=\"730\">24 horas<\/td>\n<\/tr>\n<tr>\n<td>Clase de protecci\u00f3n:<\/td>\n<td colspan=\"4\" width=\"730\">Clase 1<\/td>\n<\/tr>\n<tr>\n<td>Grado IP<\/td>\n<td colspan=\"4\">IP40<\/td>\n<\/tr>\n<tr>\n<td>Temp. de trabajo<\/td>\n<td colspan=\"4\" width=\"730\">0\u00b0C a +40\u00b0C<\/td>\n<\/tr>\n<tr>\n<td>Instalaci\u00f3n:<\/td>\n<td colspan=\"4\">Wall surface\/t End Side\/ Ceiling mount\/Suspened Mounting<\/td>\n<\/tr>\n<tr>\n<td>Certificaciones:<\/td>\n<td colspan=\"4\">SAA CE ROHS<\/td>\n<\/tr>\n<tr>\n<td>Garant\u00eda:<\/td>\n<td colspan=\"4\">3 a\u00f1os de garant\u00eda<\/td>\n<\/tr>\n<\/tbody>\n<\/table>\n<p>Fire emergency sign light evacuation light LED arrow emergency exit light floor sign<\/p>","protected":false},"excerpt":{"rendered":"<div class=\"elementor-element elementor-element-df9c98e elementor-widget elementor-widget-woocommerce-product-title elementor-page-title elementor-widget-heading\" data-id=\"df9c98e\" data-element_type=\"widget\" data-settings=\"{&quot;ekit_we_effect_on&quot;:&quot;none&quot;}\" data-widget_type=\"woocommerce-product-title.default\">\n<p>1. Certificado SAA, CE, ROHS<br \/>\n2. Amplia tensi\u00f3n de entrada para CA 85-265V 50\/60 Hz.<br \/>\n3. Est\u00e1 equipado con carcasa de aleaci\u00f3n de aluminio y tablero acr\u00edlico.<br \/>\n4. Bater\u00eda incorporada de alta calidad, larga vida \u00fatil.<br \/>\n5. Con funci\u00f3n de autodiagn\u00f3stico.<br \/>\n6. Soporta doble o simple cara para pictograma, y el pictograma se puede personalizar.<br \/>\n7.Soporte de instalaci\u00f3n Colgado, montado en la superficie de la pared, montado en la superficie del techo...<\/p>\n<\/div>","protected":false},"featured_media":2521,"template":"","meta":{"site-sidebar-layout":"default","site-content-layout":"","ast-site-content-layout":"default","site-content-style":"default","site-sidebar-style":"default","ast-global-header-display":"","ast-banner-title-visibility":"","ast-main-header-display":"","ast-hfb-above-header-display":"","ast-hfb-below-header-display":"","ast-hfb-mobile-header-display":"","site-post-title":"","ast-breadcrumbs-content":"","ast-featured-img":"","footer-sml-layout":"","theme-transparent-header-meta":"default","adv-header-id-meta":"","stick-header-meta":"default","header-above-stick-meta":"","header-main-stick-meta":"","header-below-stick-meta":"","astra-migrate-meta-layouts":"set","ast-page-background-enabled":"default","ast-page-background-meta":{"desktop":{"background-color":"var(--ast-global-color-4)","background-image":"","background-repeat":"repeat","background-position":"center center","background-size":"auto","background-attachment":"scroll","background-type":"","background-media":"","overlay-type":"","overlay-color":"","overlay-opacity":"","overlay-gradient":""},"tablet":{"background-color":"","background-image":"","background-repeat":"repeat","background-position":"center center","background-size":"auto","background-attachment":"scroll","background-type":"","background-media":"","overlay-type":"","overlay-color":"","overlay-opacity":"","overlay-gradient":""},"mobile":{"background-color":"","background-image":"","background-repeat":"repeat","background-position":"center center","background-size":"auto","background-attachment":"scroll","background-type":"","background-media":"","overlay-type":"","overlay-color":"","overlay-opacity":"","overlay-gradient":""}},"ast-content-background-meta":{"desktop":{"background-color":"var(--ast-global-color-5)","background-image":"","background-repeat":"repeat","background-position":"center center","background-size":"auto","background-attachment":"scroll","background-type":"","background-media":"","overlay-type":"","overlay-color":"","overlay-opacity":"","overlay-gradient":""},"tablet":{"background-color":"var(--ast-global-color-5)","background-image":"","background-repeat":"repeat","background-position":"center center","background-size":"auto","background-attachment":"scroll","background-type":"","background-media":"","overlay-type":"","overlay-color":"","overlay-opacity":"","overlay-gradient":""},"mobile":{"background-color":"var(--ast-global-color-5)","background-image":"","background-repeat":"repeat","background-position":"center center","background-size":"auto","background-attachment":"scroll","background-type":"","background-media":"","overlay-type":"","overlay-color":"","overlay-opacity":"","overlay-gradient":""}}},"product_cat":[37,38],"product_tag":[],"class_list":{"0":"post-2517","1":"product","2":"type-product","3":"status-publish","4":"has-post-thumbnail","6":"product_cat-emergency-light","7":"product_cat-exit-sign","8":"desktop-align-center","9":"tablet-align-left","10":"mobile-align-left","11":"ast-product-gallery-layout-first-image-large","12":"ast-product-tabs-layout-accordion","13":"ast-qv-on-image","15":"first","16":"instock","17":"shipping-taxable","18":"product-type-simple"},"yoast_head":"<!-- This site is optimized with the Yoast SEO plugin v24.1 - https:\/\/yoast.com\/wordpress\/plugins\/seo\/ -->\n<title>Exit lights - China LED lighting Manufacturer<\/title>\n<meta name=\"description\" content=\"Fire emergency sign light evacuation light LED arrow emergency exit light floor sign LED Exit light exit signs led led exit signs emergency exit lights\" \/>\n<meta name=\"robots\" content=\"index, follow, max-snippet:-1, max-image-preview:large, max-video-preview:-1\" \/>\n<link rel=\"canonical\" href=\"https:\/\/www.smartledlamps.com\/es\/exit-lights.html\/\" \/>\n<meta property=\"og:locale\" content=\"es_ES\" \/>\n<meta property=\"og:type\" content=\"article\" \/>\n<meta property=\"og:title\" content=\"Exit lights - China LED lighting Manufacturer\" \/>\n<meta property=\"og:description\" content=\"Fire emergency sign light evacuation light LED arrow emergency exit light floor sign LED Exit light exit signs led led exit signs emergency exit lights\" \/>\n<meta property=\"og:url\" content=\"https:\/\/www.smartledlamps.com\/es\/exit-lights.html\/\" \/>\n<meta property=\"og:site_name\" content=\"China LED lighting Manufacturer\" \/>\n<meta property=\"article:modified_time\" content=\"2025-06-14T11:07:37+00:00\" \/>\n<meta property=\"og:image\" content=\"https:\/\/www.smartledlamps.com\/wp-content\/uploads\/2025\/06\/Main-04-1.jpg\" \/>\n\t<meta property=\"og:image:width\" content=\"750\" \/>\n\t<meta property=\"og:image:height\" content=\"750\" \/>\n\t<meta property=\"og:image:type\" content=\"image\/jpeg\" \/>\n<meta name=\"twitter:card\" content=\"summary_large_image\" \/>\n<meta name=\"twitter:label1\" content=\"Tiempo de lectura\" \/>\n\t<meta name=\"twitter:data1\" content=\"1 minuto\" \/>\n<script type=\"application\/ld+json\" class=\"yoast-schema-graph\">{\"@context\":\"https:\/\/schema.org\",\"@graph\":[{\"@type\":\"WebPage\",\"@id\":\"https:\/\/www.smartledlamps.com\/exit-lights.html\",\"url\":\"https:\/\/www.smartledlamps.com\/exit-lights.html\",\"name\":\"Exit lights - China LED lighting Manufacturer\",\"isPartOf\":{\"@id\":\"https:\/\/www.smartledlamps.com\/#website\"},\"primaryImageOfPage\":{\"@id\":\"https:\/\/www.smartledlamps.com\/exit-lights.html#primaryimage\"},\"image\":{\"@id\":\"https:\/\/www.smartledlamps.com\/exit-lights.html#primaryimage\"},\"thumbnailUrl\":\"https:\/\/www.smartledlamps.com\/wp-content\/uploads\/2025\/06\/Main-04-1.jpg\",\"datePublished\":\"2025-06-14T11:04:07+00:00\",\"dateModified\":\"2025-06-14T11:07:37+00:00\",\"description\":\"Fire emergency sign light evacuation light LED arrow emergency exit light floor sign LED Exit light exit signs led led exit signs emergency exit lights\",\"breadcrumb\":{\"@id\":\"https:\/\/www.smartledlamps.com\/exit-lights.html#breadcrumb\"},\"inLanguage\":\"es\",\"potentialAction\":[{\"@type\":\"ReadAction\",\"target\":[\"https:\/\/www.smartledlamps.com\/exit-lights.html\"]}]},{\"@type\":\"ImageObject\",\"inLanguage\":\"es\",\"@id\":\"https:\/\/www.smartledlamps.com\/exit-lights.html#primaryimage\",\"url\":\"https:\/\/www.smartledlamps.com\/wp-content\/uploads\/2025\/06\/Main-04-1.jpg\",\"contentUrl\":\"https:\/\/www.smartledlamps.com\/wp-content\/uploads\/2025\/06\/Main-04-1.jpg\",\"width\":750,\"height\":750},{\"@type\":\"BreadcrumbList\",\"@id\":\"https:\/\/www.smartledlamps.com\/exit-lights.html#breadcrumb\",\"itemListElement\":[{\"@type\":\"ListItem\",\"position\":1,\"name\":\"Home\",\"item\":\"https:\/\/www.smartledlamps.com\/\"},{\"@type\":\"ListItem\",\"position\":2,\"name\":\"Products\",\"item\":\"https:\/\/www.smartledlamps.com\/product\"},{\"@type\":\"ListItem\",\"position\":3,\"name\":\"Exit lights\"}]},{\"@type\":\"WebSite\",\"@id\":\"https:\/\/www.smartledlamps.com\/#website\",\"url\":\"https:\/\/www.smartledlamps.com\/\",\"name\":\"China LED lighting Manufacturer\",\"description\":\"LED light,emergency light,LED high bay light,exit sign,LED flood light\",\"publisher\":{\"@id\":\"https:\/\/www.smartledlamps.com\/#organization\"},\"potentialAction\":[{\"@type\":\"SearchAction\",\"target\":{\"@type\":\"EntryPoint\",\"urlTemplate\":\"https:\/\/www.smartledlamps.com\/?s={search_term_string}\"},\"query-input\":{\"@type\":\"PropertyValueSpecification\",\"valueRequired\":true,\"valueName\":\"search_term_string\"}}],\"inLanguage\":\"es\"},{\"@type\":\"Organization\",\"@id\":\"https:\/\/www.smartledlamps.com\/#organization\",\"name\":\"China LED lighting Manufacturer\",\"url\":\"https:\/\/www.smartledlamps.com\/\",\"logo\":{\"@type\":\"ImageObject\",\"inLanguage\":\"es\",\"@id\":\"https:\/\/www.smartledlamps.com\/#\/schema\/logo\/image\/\",\"url\":\"https:\/\/www.smartledlamps.com\/wp-content\/uploads\/2024\/12\/logo.png\",\"contentUrl\":\"https:\/\/www.smartledlamps.com\/wp-content\/uploads\/2024\/12\/logo.png\",\"width\":1371,\"height\":807,\"caption\":\"China LED lighting Manufacturer\"},\"image\":{\"@id\":\"https:\/\/www.smartledlamps.com\/#\/schema\/logo\/image\/\"}}]}<\/script>\n<!-- \/ Yoast SEO plugin. -->","yoast_head_json":{"title":"Exit lights - China LED lighting Manufacturer","description":"Fire emergency sign light evacuation light LED arrow emergency exit light floor sign LED Exit light exit signs led led exit signs emergency exit lights","robots":{"index":"index","follow":"follow","max-snippet":"max-snippet:-1","max-image-preview":"max-image-preview:large","max-video-preview":"max-video-preview:-1"},"canonical":"https:\/\/www.smartledlamps.com\/es\/exit-lights.html\/","og_locale":"es_ES","og_type":"article","og_title":"Exit lights - China LED lighting Manufacturer","og_description":"Fire emergency sign light evacuation light LED arrow emergency exit light floor sign LED Exit light exit signs led led exit signs emergency exit lights","og_url":"https:\/\/www.smartledlamps.com\/es\/exit-lights.html\/","og_site_name":"China LED lighting Manufacturer","article_modified_time":"2025-06-14T11:07:37+00:00","og_image":[{"width":750,"height":750,"url":"https:\/\/www.smartledlamps.com\/wp-content\/uploads\/2025\/06\/Main-04-1.jpg","type":"image\/jpeg"}],"twitter_card":"summary_large_image","twitter_misc":{"Tiempo de lectura":"1 minuto"},"schema":{"@context":"https:\/\/schema.org","@graph":[{"@type":"WebPage","@id":"https:\/\/www.smartledlamps.com\/exit-lights.html","url":"https:\/\/www.smartledlamps.com\/exit-lights.html","name":"Exit lights - China LED lighting Manufacturer","isPartOf":{"@id":"https:\/\/www.smartledlamps.com\/#website"},"primaryImageOfPage":{"@id":"https:\/\/www.smartledlamps.com\/exit-lights.html#primaryimage"},"image":{"@id":"https:\/\/www.smartledlamps.com\/exit-lights.html#primaryimage"},"thumbnailUrl":"https:\/\/www.smartledlamps.com\/wp-content\/uploads\/2025\/06\/Main-04-1.jpg","datePublished":"2025-06-14T11:04:07+00:00","dateModified":"2025-06-14T11:07:37+00:00","description":"Fire emergency sign light evacuation light LED arrow emergency exit light floor sign LED Exit light exit signs led led exit signs emergency exit lights","breadcrumb":{"@id":"https:\/\/www.smartledlamps.com\/exit-lights.html#breadcrumb"},"inLanguage":"es","potentialAction":[{"@type":"ReadAction","target":["https:\/\/www.smartledlamps.com\/exit-lights.html"]}]},{"@type":"ImageObject","inLanguage":"es","@id":"https:\/\/www.smartledlamps.com\/exit-lights.html#primaryimage","url":"https:\/\/www.smartledlamps.com\/wp-content\/uploads\/2025\/06\/Main-04-1.jpg","contentUrl":"https:\/\/www.smartledlamps.com\/wp-content\/uploads\/2025\/06\/Main-04-1.jpg","width":750,"height":750},{"@type":"BreadcrumbList","@id":"https:\/\/www.smartledlamps.com\/exit-lights.html#breadcrumb","itemListElement":[{"@type":"ListItem","position":1,"name":"Home","item":"https:\/\/www.smartledlamps.com\/"},{"@type":"ListItem","position":2,"name":"Products","item":"https:\/\/www.smartledlamps.com\/product"},{"@type":"ListItem","position":3,"name":"Exit lights"}]},{"@type":"WebSite","@id":"https:\/\/www.smartledlamps.com\/#website","url":"https:\/\/www.smartledlamps.com\/","name":"China LED lighting Manufacturer","description":"LED light,emergency light,LED high bay light,exit sign,LED flood light","publisher":{"@id":"https:\/\/www.smartledlamps.com\/#organization"},"potentialAction":[{"@type":"SearchAction","target":{"@type":"EntryPoint","urlTemplate":"https:\/\/www.smartledlamps.com\/?s={search_term_string}"},"query-input":{"@type":"PropertyValueSpecification","valueRequired":true,"valueName":"search_term_string"}}],"inLanguage":"es"},{"@type":"Organization","@id":"https:\/\/www.smartledlamps.com\/#organization","name":"China LED lighting Manufacturer","url":"https:\/\/www.smartledlamps.com\/","logo":{"@type":"ImageObject","inLanguage":"es","@id":"https:\/\/www.smartledlamps.com\/#\/schema\/logo\/image\/","url":"https:\/\/www.smartledlamps.com\/wp-content\/uploads\/2024\/12\/logo.png","contentUrl":"https:\/\/www.smartledlamps.com\/wp-content\/uploads\/2024\/12\/logo.png","width":1371,"height":807,"caption":"China LED lighting Manufacturer"},"image":{"@id":"https:\/\/www.smartledlamps.com\/#\/schema\/logo\/image\/"}}]}},"_links":{"self":[{"href":"https:\/\/www.smartledlamps.com\/es\/wp-json\/wp\/v2\/product\/2517","targetHints":{"allow":["GET"]}}],"collection":[{"href":"https:\/\/www.smartledlamps.com\/es\/wp-json\/wp\/v2\/product"}],"about":[{"href":"https:\/\/www.smartledlamps.com\/es\/wp-json\/wp\/v2\/types\/product"}],"version-history":[{"count":0,"href":"https:\/\/www.smartledlamps.com\/es\/wp-json\/wp\/v2\/product\/2517\/revisions"}],"wp:featuredmedia":[{"embeddable":true,"href":"https:\/\/www.smartledlamps.com\/es\/wp-json\/wp\/v2\/media\/2521"}],"wp:attachment":[{"href":"https:\/\/www.smartledlamps.com\/es\/wp-json\/wp\/v2\/media?parent=2517"}],"wp:term":[{"taxonomy":"product_cat","embeddable":true,"href":"https:\/\/www.smartledlamps.com\/es\/wp-json\/wp\/v2\/product_cat?post=2517"},{"taxonomy":"product_tag","embeddable":true,"href":"https:\/\/www.smartledlamps.com\/es\/wp-json\/wp\/v2\/product_tag?post=2517"}],"curies":[{"name":"wp","href":"https:\/\/api.w.org\/{rel}","templated":true}]}}