{"id":1959,"date":"2024-12-25T03:53:10","date_gmt":"2024-12-25T03:53:10","guid":{"rendered":"https:\/\/www.smartledlamps.com\/?post_type=product&#038;p=1959"},"modified":"2025-06-14T09:34:12","modified_gmt":"2025-06-14T09:34:12","slug":"emergency-led-light","status":"publish","type":"product","link":"https:\/\/www.smartledlamps.com\/de\/emergency-led-light.html","title":{"rendered":"IP65 emergency LED light"},"content":{"rendered":"<h2>Eigenschaften<\/h2>\n<p>1. SAA, CE, ROHS-Zertifikat<br \/>\n2. Breite Eingangsspannung f\u00fcr AC 85-265V 50\/60 Hz.<br \/>\n3. Es ist mit Aluminiumlegierung Geh\u00e4use und Acrylplatte ausgestattet.<br \/>\n4. Eingebauter Akku hoher Qualit\u00e4t, lange Lebensdauer.<br \/>\n5. Mit Selbsttestfunktion.<br \/>\n6. Unterst\u00fctzung doppelte oder einzelne Seite f\u00fcr Piktogramm, und das Piktogramm kann angepasst werden.<br \/>\n7.installation Unterst\u00fctzung Hanging, Wand Oberfl\u00e4che montiert, Decke Oberfl\u00e4che montiert.<\/p>\n<table width=\"908\">\n<tbody>\n<tr>\n<td width=\"178\">Produktname<\/td>\n<td colspan=\"4\" width=\"730\">LED bulkhead light<\/td>\n<\/tr>\n<tr>\n<td>MODELL NR.<\/td>\n<td colspan=\"4\">SE-0304<\/td>\n<\/tr>\n<tr>\n<td>Eingangsspannung:<\/td>\n<td colspan=\"4\">AC200-240VAC (50\/60Hz)<\/td>\n<\/tr>\n<tr>\n<td>Macht\uff1a<\/td>\n<td colspan=\"4\">3W<\/td>\n<\/tr>\n<tr>\n<td>Dimension\uff1a<\/td>\n<td colspan=\"4\">L350*195*112mm<\/td>\n<\/tr>\n<tr>\n<td>Material des Geh\u00e4uses:<\/td>\n<td colspan=\"4\">ABS-Geh\u00e4use mit PC-Diffusor<\/td>\n<\/tr>\n<tr>\n<td>Entfernung ansehen:<\/td>\n<td colspan=\"4\">26 Metre<\/td>\n<\/tr>\n<tr>\n<td>Batterie:<\/td>\n<td colspan=\"4\">LiFePo4 6.4V 1800mAh<\/td>\n<\/tr>\n<tr>\n<td>Betrieb:<\/td>\n<td colspan=\"4\">Maintained Or Non-Maiantained<\/td>\n<\/tr>\n<tr>\n<td>LEDs Typ\uff1a<\/td>\n<td colspan=\"4\">\u00a0SMD2835<\/td>\n<\/tr>\n<tr>\n<td>Notfall Dauer:<\/td>\n<td colspan=\"4\" width=\"730\">&gt;3 Stunden<\/td>\n<\/tr>\n<tr>\n<td>Monitore:<\/td>\n<td colspan=\"4\">Manual test&amp;Self test<\/td>\n<\/tr>\n<tr>\n<td>Aufladezeit:<\/td>\n<td colspan=\"4\" width=\"730\">24Stunden<\/td>\n<\/tr>\n<tr>\n<td>Schutzklasse:<\/td>\n<td colspan=\"4\" width=\"730\">Klasse 1<\/td>\n<\/tr>\n<tr>\n<td>IP Grad<\/td>\n<td colspan=\"4\">IP65<\/td>\n<\/tr>\n<tr>\n<td>Arbeitstemperatur:<\/td>\n<td colspan=\"4\" width=\"730\">0\u00b0C bis +40\u00b0C<\/td>\n<\/tr>\n<tr>\n<td>Einbau:<\/td>\n<td colspan=\"4\">Insert Ceiling Mounting<\/td>\n<\/tr>\n<tr>\n<td>Zertifizierungen:<\/td>\n<td colspan=\"4\">SAA CE ROHS<\/td>\n<\/tr>\n<tr>\n<td>Garantie:<\/td>\n<td colspan=\"4\">3 Jahre Garantie<\/td>\n<\/tr>\n<\/tbody>\n<\/table>\n<p>Running Man Fire Safety Emergency rechargeable ip65 waterproof exit light<\/p>","protected":false},"excerpt":{"rendered":"<div class=\"elementor-element elementor-element-df9c98e elementor-widget elementor-widget-woocommerce-product-title elementor-page-title elementor-widget-heading\" data-id=\"df9c98e\" data-element_type=\"widget\" data-settings=\"{&quot;ekit_we_effect_on&quot;:&quot;none&quot;}\" data-widget_type=\"woocommerce-product-title.default\">\n<p>1. SAA, CE, ROHS-Zertifikat<br \/>\n2. Breite Eingangsspannung f\u00fcr AC 85-265V 50\/60 Hz.<br \/>\n3. Es ist mit Aluminiumlegierung Geh\u00e4use und Acrylplatte ausgestattet.<br \/>\n4. Eingebauter Akku hoher Qualit\u00e4t, lange Lebensdauer.<br \/>\n5. Mit Selbsttestfunktion.<br \/>\n6. Unterst\u00fctzung doppelte oder einzelne Seite f\u00fcr Piktogramm, und das Piktogramm kann angepasst werden.<br \/>\n7.installation Unterst\u00fctzung Hanging, Wand Oberfl\u00e4che montiert, Decke Oberfl\u00e4che montiert.<\/p>\n<\/div>","protected":false},"featured_media":1960,"template":"","meta":{"site-sidebar-layout":"default","site-content-layout":"","ast-site-content-layout":"default","site-content-style":"default","site-sidebar-style":"default","ast-global-header-display":"","ast-banner-title-visibility":"","ast-main-header-display":"","ast-hfb-above-header-display":"","ast-hfb-below-header-display":"","ast-hfb-mobile-header-display":"","site-post-title":"","ast-breadcrumbs-content":"","ast-featured-img":"","footer-sml-layout":"","theme-transparent-header-meta":"default","adv-header-id-meta":"","stick-header-meta":"default","header-above-stick-meta":"","header-main-stick-meta":"","header-below-stick-meta":"","astra-migrate-meta-layouts":"set","ast-page-background-enabled":"default","ast-page-background-meta":{"desktop":{"background-color":"var(--ast-global-color-4)","background-image":"","background-repeat":"repeat","background-position":"center center","background-size":"auto","background-attachment":"scroll","background-type":"","background-media":"","overlay-type":"","overlay-color":"","overlay-opacity":"","overlay-gradient":""},"tablet":{"background-color":"","background-image":"","background-repeat":"repeat","background-position":"center center","background-size":"auto","background-attachment":"scroll","background-type":"","background-media":"","overlay-type":"","overlay-color":"","overlay-opacity":"","overlay-gradient":""},"mobile":{"background-color":"","background-image":"","background-repeat":"repeat","background-position":"center center","background-size":"auto","background-attachment":"scroll","background-type":"","background-media":"","overlay-type":"","overlay-color":"","overlay-opacity":"","overlay-gradient":""}},"ast-content-background-meta":{"desktop":{"background-color":"var(--ast-global-color-5)","background-image":"","background-repeat":"repeat","background-position":"center center","background-size":"auto","background-attachment":"scroll","background-type":"","background-media":"","overlay-type":"","overlay-color":"","overlay-opacity":"","overlay-gradient":""},"tablet":{"background-color":"var(--ast-global-color-5)","background-image":"","background-repeat":"repeat","background-position":"center center","background-size":"auto","background-attachment":"scroll","background-type":"","background-media":"","overlay-type":"","overlay-color":"","overlay-opacity":"","overlay-gradient":""},"mobile":{"background-color":"var(--ast-global-color-5)","background-image":"","background-repeat":"repeat","background-position":"center center","background-size":"auto","background-attachment":"scroll","background-type":"","background-media":"","overlay-type":"","overlay-color":"","overlay-opacity":"","overlay-gradient":""}}},"product_cat":[37,39],"product_tag":[],"class_list":{"0":"post-1959","1":"product","2":"type-product","3":"status-publish","4":"has-post-thumbnail","6":"product_cat-emergency-light","7":"product_cat-led-bulkhead-light","8":"desktop-align-center","9":"tablet-align-left","10":"mobile-align-left","11":"ast-product-gallery-layout-first-image-large","12":"ast-product-tabs-layout-accordion","13":"ast-qv-on-image","15":"first","16":"instock","17":"shipping-taxable","18":"product-type-simple"},"yoast_head":"<!-- This site is optimized with the Yoast SEO plugin v24.1 - https:\/\/yoast.com\/wordpress\/plugins\/seo\/ -->\n<title>IP65 emergency LED light - China LED lighting Manufacturer<\/title>\n<meta name=\"description\" content=\"Running Man Fire Safety Emergency rechargeable ip65 waterproof exit light IP65 emergency LED light led exit lights led exit light led emergency exit lights\" \/>\n<meta name=\"robots\" content=\"index, follow, max-snippet:-1, max-image-preview:large, max-video-preview:-1\" \/>\n<link rel=\"canonical\" href=\"https:\/\/www.smartledlamps.com\/de\/emergency-led-light.html\/\" \/>\n<meta property=\"og:locale\" content=\"de_DE\" \/>\n<meta property=\"og:type\" content=\"article\" \/>\n<meta property=\"og:title\" content=\"IP65 emergency LED light - China LED lighting Manufacturer\" \/>\n<meta property=\"og:description\" content=\"Running Man Fire Safety Emergency rechargeable ip65 waterproof exit light IP65 emergency LED light led exit lights led exit light led emergency exit lights\" \/>\n<meta property=\"og:url\" content=\"https:\/\/www.smartledlamps.com\/de\/emergency-led-light.html\/\" \/>\n<meta property=\"og:site_name\" content=\"China LED lighting Manufacturer\" \/>\n<meta property=\"article:modified_time\" content=\"2025-06-14T09:34:12+00:00\" \/>\n<meta property=\"og:image\" content=\"https:\/\/www.smartledlamps.com\/wp-content\/uploads\/2024\/12\/emergency-lights-1.jpg\" \/>\n\t<meta property=\"og:image:width\" content=\"800\" \/>\n\t<meta property=\"og:image:height\" content=\"800\" \/>\n\t<meta property=\"og:image:type\" content=\"image\/jpeg\" \/>\n<meta name=\"twitter:card\" content=\"summary_large_image\" \/>\n<meta name=\"twitter:label1\" content=\"Gesch\u00e4tzte Lesezeit\" \/>\n\t<meta name=\"twitter:data1\" content=\"1\u00a0Minute\" \/>\n<script type=\"application\/ld+json\" class=\"yoast-schema-graph\">{\"@context\":\"https:\/\/schema.org\",\"@graph\":[{\"@type\":\"WebPage\",\"@id\":\"https:\/\/www.smartledlamps.com\/emergency-led-light.html\",\"url\":\"https:\/\/www.smartledlamps.com\/emergency-led-light.html\",\"name\":\"IP65 emergency LED light - China LED lighting Manufacturer\",\"isPartOf\":{\"@id\":\"https:\/\/www.smartledlamps.com\/#website\"},\"primaryImageOfPage\":{\"@id\":\"https:\/\/www.smartledlamps.com\/emergency-led-light.html#primaryimage\"},\"image\":{\"@id\":\"https:\/\/www.smartledlamps.com\/emergency-led-light.html#primaryimage\"},\"thumbnailUrl\":\"https:\/\/www.smartledlamps.com\/wp-content\/uploads\/2024\/12\/emergency-lights-1.jpg\",\"datePublished\":\"2024-12-25T03:53:10+00:00\",\"dateModified\":\"2025-06-14T09:34:12+00:00\",\"description\":\"Running Man Fire Safety Emergency rechargeable ip65 waterproof exit light IP65 emergency LED light led exit lights led exit light led emergency exit lights\",\"breadcrumb\":{\"@id\":\"https:\/\/www.smartledlamps.com\/emergency-led-light.html#breadcrumb\"},\"inLanguage\":\"de\",\"potentialAction\":[{\"@type\":\"ReadAction\",\"target\":[\"https:\/\/www.smartledlamps.com\/emergency-led-light.html\"]}]},{\"@type\":\"ImageObject\",\"inLanguage\":\"de\",\"@id\":\"https:\/\/www.smartledlamps.com\/emergency-led-light.html#primaryimage\",\"url\":\"https:\/\/www.smartledlamps.com\/wp-content\/uploads\/2024\/12\/emergency-lights-1.jpg\",\"contentUrl\":\"https:\/\/www.smartledlamps.com\/wp-content\/uploads\/2024\/12\/emergency-lights-1.jpg\",\"width\":800,\"height\":800},{\"@type\":\"BreadcrumbList\",\"@id\":\"https:\/\/www.smartledlamps.com\/emergency-led-light.html#breadcrumb\",\"itemListElement\":[{\"@type\":\"ListItem\",\"position\":1,\"name\":\"Home\",\"item\":\"https:\/\/www.smartledlamps.com\/\"},{\"@type\":\"ListItem\",\"position\":2,\"name\":\"Products\",\"item\":\"https:\/\/www.smartledlamps.com\/product\"},{\"@type\":\"ListItem\",\"position\":3,\"name\":\"IP65 emergency LED light\"}]},{\"@type\":\"WebSite\",\"@id\":\"https:\/\/www.smartledlamps.com\/#website\",\"url\":\"https:\/\/www.smartledlamps.com\/\",\"name\":\"China LED lighting Manufacturer\",\"description\":\"LED light,emergency light,LED high bay light,exit sign,LED flood light\",\"publisher\":{\"@id\":\"https:\/\/www.smartledlamps.com\/#organization\"},\"potentialAction\":[{\"@type\":\"SearchAction\",\"target\":{\"@type\":\"EntryPoint\",\"urlTemplate\":\"https:\/\/www.smartledlamps.com\/?s={search_term_string}\"},\"query-input\":{\"@type\":\"PropertyValueSpecification\",\"valueRequired\":true,\"valueName\":\"search_term_string\"}}],\"inLanguage\":\"de\"},{\"@type\":\"Organization\",\"@id\":\"https:\/\/www.smartledlamps.com\/#organization\",\"name\":\"China LED lighting Manufacturer\",\"url\":\"https:\/\/www.smartledlamps.com\/\",\"logo\":{\"@type\":\"ImageObject\",\"inLanguage\":\"de\",\"@id\":\"https:\/\/www.smartledlamps.com\/#\/schema\/logo\/image\/\",\"url\":\"https:\/\/www.smartledlamps.com\/wp-content\/uploads\/2024\/12\/logo.png\",\"contentUrl\":\"https:\/\/www.smartledlamps.com\/wp-content\/uploads\/2024\/12\/logo.png\",\"width\":1371,\"height\":807,\"caption\":\"China LED lighting Manufacturer\"},\"image\":{\"@id\":\"https:\/\/www.smartledlamps.com\/#\/schema\/logo\/image\/\"}}]}<\/script>\n<!-- \/ Yoast SEO plugin. -->","yoast_head_json":{"title":"IP65 emergency LED light - China LED lighting Manufacturer","description":"Running Man Fire Safety Emergency rechargeable ip65 waterproof exit light IP65 emergency LED light led exit lights led exit light led emergency exit lights","robots":{"index":"index","follow":"follow","max-snippet":"max-snippet:-1","max-image-preview":"max-image-preview:large","max-video-preview":"max-video-preview:-1"},"canonical":"https:\/\/www.smartledlamps.com\/de\/emergency-led-light.html\/","og_locale":"de_DE","og_type":"article","og_title":"IP65 emergency LED light - China LED lighting Manufacturer","og_description":"Running Man Fire Safety Emergency rechargeable ip65 waterproof exit light IP65 emergency LED light led exit lights led exit light led emergency exit lights","og_url":"https:\/\/www.smartledlamps.com\/de\/emergency-led-light.html\/","og_site_name":"China LED lighting Manufacturer","article_modified_time":"2025-06-14T09:34:12+00:00","og_image":[{"width":800,"height":800,"url":"https:\/\/www.smartledlamps.com\/wp-content\/uploads\/2024\/12\/emergency-lights-1.jpg","type":"image\/jpeg"}],"twitter_card":"summary_large_image","twitter_misc":{"Gesch\u00e4tzte Lesezeit":"1\u00a0Minute"},"schema":{"@context":"https:\/\/schema.org","@graph":[{"@type":"WebPage","@id":"https:\/\/www.smartledlamps.com\/emergency-led-light.html","url":"https:\/\/www.smartledlamps.com\/emergency-led-light.html","name":"IP65 emergency LED light - China LED lighting Manufacturer","isPartOf":{"@id":"https:\/\/www.smartledlamps.com\/#website"},"primaryImageOfPage":{"@id":"https:\/\/www.smartledlamps.com\/emergency-led-light.html#primaryimage"},"image":{"@id":"https:\/\/www.smartledlamps.com\/emergency-led-light.html#primaryimage"},"thumbnailUrl":"https:\/\/www.smartledlamps.com\/wp-content\/uploads\/2024\/12\/emergency-lights-1.jpg","datePublished":"2024-12-25T03:53:10+00:00","dateModified":"2025-06-14T09:34:12+00:00","description":"Running Man Fire Safety Emergency rechargeable ip65 waterproof exit light IP65 emergency LED light led exit lights led exit light led emergency exit lights","breadcrumb":{"@id":"https:\/\/www.smartledlamps.com\/emergency-led-light.html#breadcrumb"},"inLanguage":"de","potentialAction":[{"@type":"ReadAction","target":["https:\/\/www.smartledlamps.com\/emergency-led-light.html"]}]},{"@type":"ImageObject","inLanguage":"de","@id":"https:\/\/www.smartledlamps.com\/emergency-led-light.html#primaryimage","url":"https:\/\/www.smartledlamps.com\/wp-content\/uploads\/2024\/12\/emergency-lights-1.jpg","contentUrl":"https:\/\/www.smartledlamps.com\/wp-content\/uploads\/2024\/12\/emergency-lights-1.jpg","width":800,"height":800},{"@type":"BreadcrumbList","@id":"https:\/\/www.smartledlamps.com\/emergency-led-light.html#breadcrumb","itemListElement":[{"@type":"ListItem","position":1,"name":"Home","item":"https:\/\/www.smartledlamps.com\/"},{"@type":"ListItem","position":2,"name":"Products","item":"https:\/\/www.smartledlamps.com\/product"},{"@type":"ListItem","position":3,"name":"IP65 emergency LED light"}]},{"@type":"WebSite","@id":"https:\/\/www.smartledlamps.com\/#website","url":"https:\/\/www.smartledlamps.com\/","name":"China LED lighting Manufacturer","description":"LED light,emergency light,LED high bay light,exit sign,LED flood light","publisher":{"@id":"https:\/\/www.smartledlamps.com\/#organization"},"potentialAction":[{"@type":"SearchAction","target":{"@type":"EntryPoint","urlTemplate":"https:\/\/www.smartledlamps.com\/?s={search_term_string}"},"query-input":{"@type":"PropertyValueSpecification","valueRequired":true,"valueName":"search_term_string"}}],"inLanguage":"de"},{"@type":"Organization","@id":"https:\/\/www.smartledlamps.com\/#organization","name":"China LED lighting Manufacturer","url":"https:\/\/www.smartledlamps.com\/","logo":{"@type":"ImageObject","inLanguage":"de","@id":"https:\/\/www.smartledlamps.com\/#\/schema\/logo\/image\/","url":"https:\/\/www.smartledlamps.com\/wp-content\/uploads\/2024\/12\/logo.png","contentUrl":"https:\/\/www.smartledlamps.com\/wp-content\/uploads\/2024\/12\/logo.png","width":1371,"height":807,"caption":"China LED lighting Manufacturer"},"image":{"@id":"https:\/\/www.smartledlamps.com\/#\/schema\/logo\/image\/"}}]}},"_links":{"self":[{"href":"https:\/\/www.smartledlamps.com\/de\/wp-json\/wp\/v2\/product\/1959","targetHints":{"allow":["GET"]}}],"collection":[{"href":"https:\/\/www.smartledlamps.com\/de\/wp-json\/wp\/v2\/product"}],"about":[{"href":"https:\/\/www.smartledlamps.com\/de\/wp-json\/wp\/v2\/types\/product"}],"version-history":[{"count":0,"href":"https:\/\/www.smartledlamps.com\/de\/wp-json\/wp\/v2\/product\/1959\/revisions"}],"wp:featuredmedia":[{"embeddable":true,"href":"https:\/\/www.smartledlamps.com\/de\/wp-json\/wp\/v2\/media\/1960"}],"wp:attachment":[{"href":"https:\/\/www.smartledlamps.com\/de\/wp-json\/wp\/v2\/media?parent=1959"}],"wp:term":[{"taxonomy":"product_cat","embeddable":true,"href":"https:\/\/www.smartledlamps.com\/de\/wp-json\/wp\/v2\/product_cat?post=1959"},{"taxonomy":"product_tag","embeddable":true,"href":"https:\/\/www.smartledlamps.com\/de\/wp-json\/wp\/v2\/product_tag?post=1959"}],"curies":[{"name":"wp","href":"https:\/\/api.w.org\/{rel}","templated":true}]}}